{"id":6407,"date":"2024-07-07T12:18:38","date_gmt":"2024-07-07T12:18:38","guid":{"rendered":"https:\/\/novo.denilog-usluge.hr\/?page_id=6407"},"modified":"2024-07-07T12:35:04","modified_gmt":"2024-07-07T12:35:04","slug":"izjava-o-kolacicima","status":"publish","type":"page","link":"https:\/\/denilog-usluge.hr\/hr\/izjava-o-kolacicima\/","title":{"rendered":"Izjava o kola\u010di\u0107ima"},"content":{"rendered":"<div data-elementor-type=\"wp-page\" data-elementor-id=\"6407\" class=\"elementor elementor-6407\">\n\t\t\t\t<div class=\"elementor-element elementor-element-099a45f e-flex e-con-boxed e-con e-parent\" data-id=\"099a45f\" data-element_type=\"container\" data-e-type=\"container\">\n\t\t\t\t\t<div class=\"e-con-inner\">\n\t\t\t\t<div class=\"elementor-element elementor-element-8b0c86f elementor-widget elementor-widget-text-editor\" data-id=\"8b0c86f\" data-element_type=\"widget\" data-e-type=\"widget\" data-settings=\"{&quot;ekit_we_effect_on&quot;:&quot;none&quot;}\" data-widget_type=\"text-editor.default\">\n\t\t\t\t<div class=\"elementor-widget-container\">\n\t\t\t\t\t\t\t\t\t<p><\/p><h2 class=\"wp-block-heading\">Izjava o kola\u010di\u0107ima<br \/><br \/><\/h2><h3 class=\"wp-block-heading\">Uvod<\/h3><p><\/p><p><\/p><p>Kako bi posje\u0107ivanje na\u0161e internetske stranice bilo \u0161to ugodnije, ova stranica mora na va\u0161e ra\u010dunalo spremiti malenu koli\u010dinu informacija, tzv. kola\u010di\u0107a (eng. cookies). Kola\u010di\u0107i, izme\u0111u ostalog, slu\u017ee da bi web stranica radila optimalno te kako bismo bili u stanju vr\u0161iti daljnja unaprje\u0111enja stranice u svrhu pobolj\u0161avanja va\u0161ega iskustva pregledavanja. Kori\u0161tenjem ove web stranice pristajete na uporabu kola\u010di\u0107a. Blokiranje kola\u010di\u0107a je mogu\u0107e, nakon \u010dega \u0107ete i dalje mo\u0107i pregledavati stranicu, no neke njezine mogu\u0107nosti ne\u0107e vam biti dostupne.<\/p><p><strong>\u0160to je kola\u010di\u0107?<\/strong><br \/>Kola\u010di\u0107 je informacija spremljena na va\u0161e ra\u010dunalo, tablet ili mobitel, koja mo\u017ee biti dostavljena neposredno od strane web stranice koju posjetite (kola\u010di\u0107i od prve strane) ili u suradnji i za potrebe web stranice koju posjetite od tre\u0107e strane (kola\u010di\u0107i tre\u0107e strane). Kola\u010di\u0107i obi\u010dno spremaju va\u0161e postavke, postavke za web stranicu, kao \u0161to su npr. preferirani jezik ili sli\u010dne postavke. Kasnije, kada opet otvorite istu web stranicu, internetski preglednik \u0161alje natrag kola\u010di\u0107e koji pripadaju toj stranici. Ovo omogu\u0107ava stranici da prika\u017ee informacije prilago\u0111ene va\u0161im potrebama. Kola\u010di\u0107i mogu spremati \u0161irok raspon informacija, uklju\u010duju\u0107i i dio osobnih informacija. Te informacije mogu biti spremljene jedino ukoliko vi to omogu\u0107ite \u2013 web stranice ne mogu dobiti pristup informacijama koje im niste dali te ne mogu pristupiti drugim datotekama na va\u0161em ra\u010dunalu.<\/p><p><strong>Kori\u0161tenje kola\u010di\u0107a na www.denilog-usluge.hr<br \/><\/strong>www.denilog-usluge.hr koristi kola\u010di\u0107e kako bi omogu\u0107ili bolje korisni\u010dko iskustvo. Kada koristite na\u0161u internetsku stranicu mo\u017eete tako\u0111er zaprimiti kola\u010di\u0107 \u201etre\u0107e strane\u201c.<br \/>www.denilog-usluge.hr upotrebljava kola\u010di\u0107e u svrhu pra\u0107enja statisti\u010dke posje\u0107enosti web stranice radi dobivanja nu\u017enih informacija o uspje\u0161nosti web stranice i pri tom tako\u0111er koristi uslugu tre\u0107e strane pod nazivom Google Analytics. www.denilog-usluge.hr tako\u0111er upotrebljava kola\u010di\u0107e u svrhu ogla\u0161avanja proizvoda\/usluga poduze\u0107a <span style=\"font-weight: bolder;\">DENILOG USLUGE d.o.o.<\/span>\u00a0\u00a0i to na samoj web stranici, na prikaziva\u010dkim mre\u017eama i kroz kori\u0161tenje ponovnog marketinga na usluzi Google Analytics. Upotrebom kola\u010di\u0107a dobavlja\u010di tre\u0107e strane (uklju\u010duju\u0107i i Google), u suradnji sa poduze\u0107em\u00a0<span style=\"font-weight: bolder;\">DENILOG USLUGE d.o.o.<\/span>\u00a0\u00a0, prikazuju oglase poduze\u0107a\u00a0<span style=\"font-weight: bolder;\">DENILOG USLUGE d.o.o.<\/span>\u00a0\u00a0na web-lokacijama na cijelom internetu. Posebno isti\u010demo da mo\u017eete isklju\u010diti usluge Google Analytics za ogla\u0161avanje na prikaziva\u010dkoj mre\u017ei i prilagoditi oglase za Google prikaziva\u010dku mre\u017eu pomo\u0107u alata Upravitelj postavki oglasa (http:\/\/www.google.com\/settings\/ads). Tako\u0111er, u svrhu planiranja objava sadr\u017eaja primjerenih Va\u0161im interesima i budu\u0107ih marketin\u0161kih kampanja koristimo alat Google Analytics Demographics and Interest Reporting gdje mo\u017eemo upotrebljavati podatke iz Googleova ogla\u0161avanja na temelju interesa ili podataka o publici tre\u0107e strane (npr. dob, spol i interesi) na usluzi Google Analytics. Detaljne informacije tre\u0107e strane o ovoj usluzi, kao i o mogu\u0107nostima korisnika da reguliraju postavke kola\u010di\u0107a koji su za to nu\u017eni, dostupne su na: http:\/\/www.google.com\/analytics\/learn\/privacy.html.<\/p><p><strong>Dru\u0161tvene mre\u017ee<\/strong><br \/>Dru\u0161tvene mre\u017ee tako\u0111er mogu postavljati kola\u010di\u0107e na va\u0161e ra\u010dunalo. To se doga\u0111a na web stranicama koje vam omogu\u0107avaju prijavu i registraciju preko ra\u010duna dru\u0161tvenih mre\u017ea te ukoliko dijelite sadr\u017eaj web stranice na dru\u0161tvenim mre\u017eama (npr. putem \u201eLike\u201c gumba). Konkretni utjecaj na va\u0161u privatnost \u0107e se razlikovati od dru\u0161tvene mre\u017ee do dru\u0161tvenu mre\u017ee te ovisi o postavkama privatnosti koje ste izabrali na tim mre\u017eama. Kako upravljati ovim kola\u010di\u0107ima mo\u017eete saznati na njihovim web stranicama.<\/p><p><strong>Kako onemogu\u0107iti kola\u010di\u0107e?<\/strong><br \/>Ukoliko \u017eelite mo\u017eete onemogu\u0107iti spremanje kola\u010di\u0107a na va\u0161e ra\u010dunalo, no blokiranje svih kola\u010di\u0107a moglo bi imati negativan u\u010dinak na kori\u0161tenje mnogih internetskih stranica, pa tako i ove. Postavke kola\u010di\u0107a mogu se kontrolirati i konfigurirati u va\u0161em internetskome pregledniku. \u017delite li izbrisati ili onemogu\u0107iti kola\u010di\u0107e na svojem ra\u010dunalu potrebno je a\u017eurirati postavke svojeg internetskog preglednika (informacije o na\u010dinu brisanja i onemogu\u0107avanja kola\u010di\u0107a potra\u017eite na svojem pregledniku odabirom izbornika za pomo\u0107).<\/p><p><strong>Dodatne informacija oko isklju\u010divanja kola\u010di\u0107a<\/strong><br \/>Trenutno postoji nekoliko web-stranica za isklju\u010divanje pohranjivanja kola\u010di\u0107a za razli\u010dite servise.<\/p><p><strong>Vi\u0161e se mo\u017eete informirati na sljede\u0107im web adresama:<br \/><\/strong><a href=\"http:\/\/www.allaboutcookies.org\/\">http:\/\/www.allaboutcookies.org\/<\/a><br \/><a href=\"http:\/\/www.youronlinechoices.com\/hr\/\">http:\/\/www.youronlinechoices.com\/hr\/<\/a><br \/><a href=\"http:\/\/www.aboutads.info\/choices\/\">http:\/\/www.aboutads.info\/choices\/<\/a><\/p><p><\/p>\t\t\t\t\t\t\t\t<\/div>\n\t\t\t\t<\/div>\n\t\t\t\t\t<\/div>\n\t\t\t\t<\/div>\n\t\t\t\t<\/div>","protected":false},"excerpt":{"rendered":"<p>Izjava o kola\u010di\u0107ima Uvod Kako bi posje\u0107ivanje na\u0161e internetske stranice bilo \u0161to ugodnije, ova stranica mora na va\u0161e ra\u010dunalo spremiti malenu koli\u010dinu informacija, tzv. kola\u010di\u0107a (eng. cookies). Kola\u010di\u0107i, izme\u0111u ostalog, slu\u017ee da bi web stranica radila optimalno te kako bismo bili u stanju vr\u0161iti daljnja unaprje\u0111enja stranice u svrhu pobolj\u0161avanja va\u0161ega iskustva pregledavanja. Kori\u0161tenjem ove [&hellip;]<\/p>","protected":false},"author":1,"featured_media":0,"parent":0,"menu_order":0,"comment_status":"closed","ping_status":"closed","template":"elementor_header_footer","meta":{"footnotes":""},"class_list":["post-6407","page","type-page","status-publish","hentry"],"_links":{"self":[{"href":"https:\/\/denilog-usluge.hr\/hr\/wp-json\/wp\/v2\/pages\/6407","targetHints":{"allow":["GET"]}}],"collection":[{"href":"https:\/\/denilog-usluge.hr\/hr\/wp-json\/wp\/v2\/pages"}],"about":[{"href":"https:\/\/denilog-usluge.hr\/hr\/wp-json\/wp\/v2\/types\/page"}],"author":[{"embeddable":true,"href":"https:\/\/denilog-usluge.hr\/hr\/wp-json\/wp\/v2\/users\/1"}],"replies":[{"embeddable":true,"href":"https:\/\/denilog-usluge.hr\/hr\/wp-json\/wp\/v2\/comments?post=6407"}],"version-history":[{"count":28,"href":"https:\/\/denilog-usluge.hr\/hr\/wp-json\/wp\/v2\/pages\/6407\/revisions"}],"predecessor-version":[{"id":6445,"href":"https:\/\/denilog-usluge.hr\/hr\/wp-json\/wp\/v2\/pages\/6407\/revisions\/6445"}],"wp:attachment":[{"href":"https:\/\/denilog-usluge.hr\/hr\/wp-json\/wp\/v2\/media?parent=6407"}],"curies":[{"name":"wp","href":"https:\/\/api.w.org\/{rel}","templated":true}]}}