{"id":5308,"date":"2024-04-27T10:13:52","date_gmt":"2024-04-27T10:13:52","guid":{"rendered":"https:\/\/demo.awaikenthemes.com\/theme-aerologix\/?page_id=5308"},"modified":"2024-07-07T11:29:33","modified_gmt":"2024-07-07T11:29:33","slug":"logistika-i-skladistenje","status":"publish","type":"page","link":"https:\/\/denilog-usluge.hr\/hr\/usluge\/logistika-i-skladistenje\/","title":{"rendered":"Logistika i skladi\u0161tenje"},"content":{"rendered":"<div data-elementor-type=\"wp-page\" data-elementor-id=\"5308\" class=\"elementor elementor-5308\">\n\t\t\t\t<div class=\"elementor-element elementor-element-39248c5 e-flex e-con-boxed e-con e-parent\" data-id=\"39248c5\" data-element_type=\"container\" data-e-type=\"container\" data-settings=\"{&quot;background_background&quot;:&quot;classic&quot;}\">\n\t\t\t\t\t<div class=\"e-con-inner\">\n\t\t<div class=\"elementor-element elementor-element-4933f5e e-flex e-con-boxed e-con e-child\" data-id=\"4933f5e\" data-element_type=\"container\" data-e-type=\"container\">\n\t\t\t\t\t<div class=\"e-con-inner\">\n\t\t\t\t<div class=\"elementor-element elementor-element-b29aa98 at-heading-animation at-animation-heading-style-3 elementor-widget elementor-widget-heading\" data-id=\"b29aa98\" data-element_type=\"widget\" data-e-type=\"widget\" data-settings=\"{&quot;ekit_we_effect_on&quot;:&quot;none&quot;}\" data-widget_type=\"heading.default\">\n\t\t\t\t<div class=\"elementor-widget-container\">\n\t\t\t\t\t<h1 class=\"elementor-heading-title elementor-size-default\">Logistika i skladi\u0161tenje<\/h1>\t\t\t\t<\/div>\n\t\t\t\t<\/div>\n\t\t\t\t\t<\/div>\n\t\t\t\t<\/div>\n\t\t\t\t\t<\/div>\n\t\t\t\t<\/div>\n\t\t<div class=\"elementor-element elementor-element-3a9e1b8 e-flex e-con-boxed e-con e-parent\" data-id=\"3a9e1b8\" data-element_type=\"container\" data-e-type=\"container\">\n\t\t\t\t\t<div class=\"e-con-inner\">\n\t\t<div class=\"elementor-element elementor-element-13d6924 e-con-full e-flex e-con e-child\" data-id=\"13d6924\" data-element_type=\"container\" data-e-type=\"container\">\n\t\t<div class=\"elementor-element elementor-element-e3686c6 e-con-full e-flex e-con e-child\" data-id=\"e3686c6\" data-element_type=\"container\" data-e-type=\"container\">\n\t\t\t\t<div class=\"elementor-element elementor-element-e4ab44f at-heading-animation at-animation-heading-style-3 elementor-widget elementor-widget-heading\" data-id=\"e4ab44f\" data-element_type=\"widget\" data-e-type=\"widget\" data-settings=\"{&quot;ekit_we_effect_on&quot;:&quot;none&quot;}\" data-widget_type=\"heading.default\">\n\t\t\t\t<div class=\"elementor-widget-container\">\n\t\t\t\t\t<h2 class=\"elementor-heading-title elementor-size-default\">Mnogo godina iskustva u logistici i skladi\u0161tenju<\/h2>\t\t\t\t<\/div>\n\t\t\t\t<\/div>\n\t\t\t\t<div class=\"elementor-element elementor-element-8d54485 elementor-invisible elementor-widget elementor-widget-text-editor\" data-id=\"8d54485\" data-element_type=\"widget\" data-e-type=\"widget\" data-settings=\"{&quot;_animation&quot;:&quot;fadeInUp&quot;,&quot;_animation_delay&quot;:100,&quot;ekit_we_effect_on&quot;:&quot;none&quot;}\" data-widget_type=\"text-editor.default\">\n\t\t\t\t<div class=\"elementor-widget-container\">\n\t\t\t\t\t\t\t\t\tSiguran i pouzdan prijevoz za sve vrste tereta i kvalitetno skladi\u0161tenje tereta svih vrsta i veli\u010dina.\t\t\t\t\t\t\t\t<\/div>\n\t\t\t\t<\/div>\n\t\t\t\t<div class=\"elementor-element elementor-element-45edd9c elementor-icon-list--layout-traditional elementor-list-item-link-full_width elementor-invisible elementor-widget elementor-widget-icon-list\" data-id=\"45edd9c\" data-element_type=\"widget\" data-e-type=\"widget\" data-settings=\"{&quot;_animation&quot;:&quot;fadeInUp&quot;,&quot;_animation_delay&quot;:200,&quot;ekit_we_effect_on&quot;:&quot;none&quot;}\" data-widget_type=\"icon-list.default\">\n\t\t\t\t<div class=\"elementor-widget-container\">\n\t\t\t\t\t\t\t<ul class=\"elementor-icon-list-items\">\n\t\t\t\t\t\t\t<li class=\"elementor-icon-list-item\">\n\t\t\t\t\t\t\t\t\t\t\t<span class=\"elementor-icon-list-icon\">\n\t\t\t\t\t\t\t<i aria-hidden=\"true\" class=\"far fa-check-circle\"><\/i>\t\t\t\t\t\t<\/span>\n\t\t\t\t\t\t\t\t\t\t<span class=\"elementor-icon-list-text\">Prijevoz tereta zra\u010dnim putem, nudi brzinu i globalni doseg<\/span>\n\t\t\t\t\t\t\t\t\t<\/li>\n\t\t\t\t\t\t\t\t<li class=\"elementor-icon-list-item\">\n\t\t\t\t\t\t\t\t\t\t\t<span class=\"elementor-icon-list-icon\">\n\t\t\t\t\t\t\t<i aria-hidden=\"true\" class=\"far fa-check-circle\"><\/i>\t\t\t\t\t\t<\/span>\n\t\t\t\t\t\t\t\t\t\t<span class=\"elementor-icon-list-text\">Dostava tereta putem trajekta, velike koli\u010dine i transport na velike udaljenosti<\/span>\n\t\t\t\t\t\t\t\t\t<\/li>\n\t\t\t\t\t\t\t\t<li class=\"elementor-icon-list-item\">\n\t\t\t\t\t\t\t\t\t\t\t<span class=\"elementor-icon-list-icon\">\n\t\t\t\t\t\t\t<i aria-hidden=\"true\" class=\"far fa-check-circle\"><\/i>\t\t\t\t\t\t<\/span>\n\t\t\t\t\t\t\t\t\t\t<span class=\"elementor-icon-list-text\">Kopneni prijevoz tereta kamionima za regionalne i doma\u0107e po\u0161iljke<\/span>\n\t\t\t\t\t\t\t\t\t<\/li>\n\t\t\t\t\t\t\t\t<li class=\"elementor-icon-list-item\">\n\t\t\t\t\t\t\t\t\t\t\t<span class=\"elementor-icon-list-icon\">\n\t\t\t\t\t\t\t<i aria-hidden=\"true\" class=\"far fa-check-circle\"><\/i>\t\t\t\t\t\t<\/span>\n\t\t\t\t\t\t\t\t\t\t<span class=\"elementor-icon-list-text\">Pomo\u0107 oko carinske dokumentacije i procedura za uvoz i izvoz robe<\/span>\n\t\t\t\t\t\t\t\t\t<\/li>\n\t\t\t\t\t\t<\/ul>\n\t\t\t\t\t\t<\/div>\n\t\t\t\t<\/div>\n\t\t\t\t<\/div>\n\t\t<div class=\"elementor-element elementor-element-e678ff4 e-con-full e-flex e-con e-child\" data-id=\"e678ff4\" data-element_type=\"container\" data-e-type=\"container\">\n\t\t<div class=\"elementor-element elementor-element-b2ed1b2 e-con-full e-flex elementor-invisible e-con e-child\" data-id=\"b2ed1b2\" data-element_type=\"container\" data-e-type=\"container\" data-settings=\"{&quot;animation&quot;:&quot;fadeInUp&quot;,&quot;animation_delay&quot;:100}\">\n\t\t\t\t<div class=\"elementor-element elementor-element-2ded50d image-anime at-image-animation at-animation-image-none elementor-widget elementor-widget-image\" data-id=\"2ded50d\" data-element_type=\"widget\" data-e-type=\"widget\" data-settings=\"{&quot;ekit_we_effect_on&quot;:&quot;none&quot;}\" data-widget_type=\"image.default\">\n\t\t\t\t<div class=\"elementor-widget-container\">\n\t\t\t\t\t\t\t\t\t\t\t\t\t\t\t<img fetchpriority=\"high\" decoding=\"async\" width=\"800\" height=\"707\" src=\"https:\/\/denilog-usluge.hr\/wp-content\/uploads\/2024\/07\/najam-teretnih-kombija-1-1024x905.jpg\" class=\"attachment-large size-large wp-image-6190\" alt=\"\" srcset=\"https:\/\/denilog-usluge.hr\/wp-content\/uploads\/2024\/07\/najam-teretnih-kombija-1-1024x905.jpg 1024w, https:\/\/denilog-usluge.hr\/wp-content\/uploads\/2024\/07\/najam-teretnih-kombija-1-600x530.jpg 600w, https:\/\/denilog-usluge.hr\/wp-content\/uploads\/2024\/07\/najam-teretnih-kombija-1-300x265.jpg 300w, https:\/\/denilog-usluge.hr\/wp-content\/uploads\/2024\/07\/najam-teretnih-kombija-1-768x678.jpg 768w, https:\/\/denilog-usluge.hr\/wp-content\/uploads\/2024\/07\/najam-teretnih-kombija-1.jpg 1200w\" sizes=\"(max-width: 800px) 100vw, 800px\" \/>\t\t\t\t\t\t\t\t\t\t\t\t\t\t\t<\/div>\n\t\t\t\t<\/div>\n\t\t\t\t<\/div>\n\t\t<div class=\"elementor-element elementor-element-d2b3846 e-con-full e-flex elementor-invisible e-con e-child\" data-id=\"d2b3846\" data-element_type=\"container\" data-e-type=\"container\" data-settings=\"{&quot;animation&quot;:&quot;fadeInUp&quot;,&quot;animation_delay&quot;:200}\">\n\t\t\t\t<div class=\"elementor-element elementor-element-3bc85a6 image-anime at-image-animation at-animation-image-none elementor-widget elementor-widget-image\" data-id=\"3bc85a6\" data-element_type=\"widget\" data-e-type=\"widget\" data-settings=\"{&quot;ekit_we_effect_on&quot;:&quot;none&quot;}\" data-widget_type=\"image.default\">\n\t\t\t\t<div class=\"elementor-widget-container\">\n\t\t\t\t\t\t\t\t\t\t\t\t\t\t\t<img decoding=\"async\" width=\"768\" height=\"1024\" src=\"https:\/\/denilog-usluge.hr\/wp-content\/uploads\/2024\/07\/logistika-i-skladistenje-denilog2-768x1024.jpg\" class=\"attachment-large size-large wp-image-6304\" alt=\"\" srcset=\"https:\/\/denilog-usluge.hr\/wp-content\/uploads\/2024\/07\/logistika-i-skladistenje-denilog2-768x1024.jpg 768w, https:\/\/denilog-usluge.hr\/wp-content\/uploads\/2024\/07\/logistika-i-skladistenje-denilog2-600x800.jpg 600w, https:\/\/denilog-usluge.hr\/wp-content\/uploads\/2024\/07\/logistika-i-skladistenje-denilog2-225x300.jpg 225w, https:\/\/denilog-usluge.hr\/wp-content\/uploads\/2024\/07\/logistika-i-skladistenje-denilog2-1152x1536.jpg 1152w, https:\/\/denilog-usluge.hr\/wp-content\/uploads\/2024\/07\/logistika-i-skladistenje-denilog2.jpg 1200w\" sizes=\"(max-width: 768px) 100vw, 768px\" \/>\t\t\t\t\t\t\t\t\t\t\t\t\t\t\t<\/div>\n\t\t\t\t<\/div>\n\t\t\t\t<\/div>\n\t\t\t\t<\/div>\n\t\t\t\t<\/div>\n\t\t<div class=\"elementor-element elementor-element-3f89c62 e-con-full e-flex e-con e-child\" data-id=\"3f89c62\" data-element_type=\"container\" data-e-type=\"container\">\n\t\t\t\t<div class=\"elementor-element elementor-element-e466be4 elementor-widget elementor-widget-aerologix-elementor-template\" data-id=\"e466be4\" data-element_type=\"widget\" data-e-type=\"widget\" data-settings=\"{&quot;ekit_we_effect_on&quot;:&quot;none&quot;}\" data-widget_type=\"aerologix-elementor-template.default\">\n\t\t\t\t<div class=\"elementor-widget-container\">\n\t\t\t\t\t\t\t<div class=\"elementor-template\">\n\t\t\t\t\t<\/div>\n\t\t\t\t\t\t<\/div>\n\t\t\t\t<\/div>\n\t\t\t\t<\/div>\n\t\t\t\t\t<\/div>\n\t\t\t\t<\/div>\n\t\t\t\t<\/div>","protected":false},"excerpt":{"rendered":"<p>Logistika i skladi\u0161tenje Mnogo godina iskustva u logistici i skladi\u0161tenju Siguran i pouzdan prijevoz za sve vrste tereta i kvalitetno skladi\u0161tenje tereta svih vrsta i veli\u010dina. Prijevoz tereta zra\u010dnim putem, nudi brzinu i globalni doseg Dostava tereta putem trajekta, velike koli\u010dine i transport na velike udaljenosti Kopneni prijevoz tereta kamionima za regionalne i doma\u0107e po\u0161iljke [&hellip;]<\/p>","protected":false},"author":1,"featured_media":0,"parent":856,"menu_order":0,"comment_status":"closed","ping_status":"closed","template":"elementor_header_footer","meta":{"footnotes":""},"class_list":["post-5308","page","type-page","status-publish","hentry"],"_links":{"self":[{"href":"https:\/\/denilog-usluge.hr\/hr\/wp-json\/wp\/v2\/pages\/5308","targetHints":{"allow":["GET"]}}],"collection":[{"href":"https:\/\/denilog-usluge.hr\/hr\/wp-json\/wp\/v2\/pages"}],"about":[{"href":"https:\/\/denilog-usluge.hr\/hr\/wp-json\/wp\/v2\/types\/page"}],"author":[{"embeddable":true,"href":"https:\/\/denilog-usluge.hr\/hr\/wp-json\/wp\/v2\/users\/1"}],"replies":[{"embeddable":true,"href":"https:\/\/denilog-usluge.hr\/hr\/wp-json\/wp\/v2\/comments?post=5308"}],"version-history":[{"count":11,"href":"https:\/\/denilog-usluge.hr\/hr\/wp-json\/wp\/v2\/pages\/5308\/revisions"}],"predecessor-version":[{"id":6307,"href":"https:\/\/denilog-usluge.hr\/hr\/wp-json\/wp\/v2\/pages\/5308\/revisions\/6307"}],"up":[{"embeddable":true,"href":"https:\/\/denilog-usluge.hr\/hr\/wp-json\/wp\/v2\/pages\/856"}],"wp:attachment":[{"href":"https:\/\/denilog-usluge.hr\/hr\/wp-json\/wp\/v2\/media?parent=5308"}],"curies":[{"name":"wp","href":"https:\/\/api.w.org\/{rel}","templated":true}]}}