{"id":3,"date":"2024-06-14T08:33:11","date_gmt":"2024-06-14T08:33:11","guid":{"rendered":"https:\/\/novo.denilog-usluge.hr\/?page_id=3"},"modified":"2024-07-07T12:35:08","modified_gmt":"2024-07-07T12:35:08","slug":"pravila-privatnosti","status":"publish","type":"page","link":"https:\/\/denilog-usluge.hr\/hr\/pravila-privatnosti\/","title":{"rendered":"Pravila privatanosti"},"content":{"rendered":"<div data-elementor-type=\"wp-page\" data-elementor-id=\"3\" class=\"elementor elementor-3\">\n\t\t\t\t<div class=\"elementor-element elementor-element-60a1c58a e-flex e-con-boxed e-con e-parent\" data-id=\"60a1c58a\" data-element_type=\"container\" data-e-type=\"container\">\n\t\t\t\t\t<div class=\"e-con-inner\">\n\t\t\t\t<div class=\"elementor-element elementor-element-c5f0c8e elementor-widget elementor-widget-text-editor\" data-id=\"c5f0c8e\" data-element_type=\"widget\" data-e-type=\"widget\" data-settings=\"{&quot;ekit_we_effect_on&quot;:&quot;none&quot;}\" data-widget_type=\"text-editor.default\">\n\t\t\t\t<div class=\"elementor-widget-container\">\n\t\t\t\t\t\t\t\t\t<p><\/p>\n<h2 class=\"wp-block-heading\">Pravila privatnosti<br \/><br \/><\/h2>\n<h3 class=\"wp-block-heading\">Uvodne odredbe<\/h3>\n<p><\/p>\n<p><\/p>\n<p>Politika o za\u0161titi privatnosti temelji se na sljede\u0107im na\u010delima obrade osobnih podataka: na\u010delu zakonitosti, transparentnosti i najbolje prakse, na\u010delu ograni\u010dene obrade i smanjenju koli\u010dine podataka, na\u010delu to\u010dnosti i potpunosti osobnih podataka, na\u010delu ograni\u010dene pohrane, na\u010delu cjelovitosti i povjerljivosti podataka, na\u010delu odgovornosti, na\u010delu povjerenja i po\u0161tene obrade, na\u010delu oportunosti (svrhe obrade), na\u010delu obrade u neimenovanom (anonimiziranom) obliku.<\/p>\n<p><\/p>\n<p><\/p>\n<p>Politika o za\u0161titi privatnosti se primjenjuje na sve usluge koje nudi Dru\u0161tvo, pri \u010demu je cilj Politike na jasan i transparentan na\u010din upoznati korisnike i\/ili kupce s postupcima obrade njihovih osobnih podataka i njihovim pravima. Prije svega, korisnici i\/ili kupci mogu se u svakom trenutku obratiti Dru\u0161tvu sa zahtjevom za izmjenu ili dopunu i\/ili a\u017euriranje podataka koji se na njih odnose, kao i sa zahtjevom za o\u010ditovanje o tome u koje svrhe \u017eele ili ne \u017eele da se njihovi podaci obra\u0111uju.<\/p>\n<p><\/p>\n<p><\/p>\n<p><strong>Na\u010din prikupljanja i vrste podataka<br \/><\/strong>Pojedine usluge koje Dru\u0161tvo pru\u017ea zahtijevaju prikupljanje osobnih podataka korisnika i\/ili kupaca, pri \u010demu se prikupljaju osnovni podaci na sljede\u0107e na\u010dine:<\/p>\n<p><\/p>\n<p><\/p>\n<p>Izravno od strane samih korisnika i\/ili kupaca na na\u010din da ih korisnici i\/ili kupci sami dostave uz privolu Dru\u0161tvu u odre\u0111enom opsegu podataka koji je bitan za pru\u017eanje odgovaraju\u0107ih usluga. U svrhu pru\u017eanja odgovaraju\u0107ih usluga korisnik i\/ili kupac je du\u017ean dostaviti Dru\u0161tvu sljede\u0107e podatke koji su istome potrebni za zasnivanje ugovornog odnosa radi pru\u017eanja pojedine usluge i\/ili prodaje odre\u0111enih proizvoda iz svog asortimana:<\/p>\n<p><\/p>\n<p><\/p>\n<ul class=\"wp-block-list\">\n<li style=\"list-style-type: none;\">\n<ul><\/ul>\n<\/li>\n<\/ul>\n<p>\u00a0<\/p>\n<ul>\n<li style=\"list-style-type: none;\">\n<ul>\n<li>ime i prezime;<\/li>\n<\/ul>\n<\/li>\n<\/ul>\n<p><\/p>\n<p><\/p>\n<ul>\n<li style=\"list-style-type: none;\">\n<ul>\n<li>adresa;<\/li>\n<\/ul>\n<\/li>\n<\/ul>\n<p><\/p>\n<p><\/p>\n<ul>\n<li style=\"list-style-type: none;\">\n<ul>\n<li>kontakt broj telefona i\/ili mobitela;<\/li>\n<\/ul>\n<\/li>\n<\/ul>\n<p><\/p>\n<p><\/p>\n<ul>\n<li style=\"list-style-type: none;\">\n<ul>\n<li>kontakt podatke elektroni\u010dke po\u0161te (e-mail adresa);<\/li>\n<\/ul>\n<\/li>\n<\/ul>\n<p><\/p>\n<p><\/p>\n<ul>\n<li style=\"list-style-type: none;\">\n<ul>\n<li>podaci o navikama korisnika i\/ili kupaca<\/li>\n<\/ul>\n<\/li>\n<\/ul>\n<p><\/p>\n<p><\/p>\n<p><\/p>\n<p>Iz drugih izvora odnosno od na\u0161ih poslovnih partnera ili iz javno dostupnih izvora (primjerice, podaci dostupni uvidom u telefonski imenik i druge javno dostupne servise). Automatski posjetom na\u0161im mre\u017enim (web) stranicama, aplikacijama i Web-shop portalu, pri \u010demu se radi o podacima koji su pridru\u017eeni mre\u017enim identifikatorima (adrese internetskih protokola te identifikatori kola\u010di\u0107a, kao \u0161to su Google Analytics za pra\u0107enje interakcije korisnika i\/ili kupaca). Koli\u010dina, odnosno opseg osobnih podataka koje Dru\u0161tvo prikuplja ovise o vrsti usluge koju Dru\u0161tvo pru\u017ea svojim korisnicima i\/ili kupcima, kao i o pravnoj osnovi na temelju koje isto prikuplja podatke. Dru\u0161tvo neprestano vodi brigu o prikupljanju samo nu\u017enog opsega osobnih podataka koji je potreban za postizanje zakonom utvr\u0111ene svrhe u koju se podaci obra\u0111uju.<\/p>\n<p><\/p>\n<p><\/p>\n<p><strong>U koje svrhe se osobni podaci prikupljaju?<br \/><\/strong>Osobne podatke Dru\u0161tvo prikuplja kako bi moglo pru\u017eati, odr\u017eavati, \u0161tititi i pobolj\u0161ati svoje usluge vezane za kupnju odre\u0111enih proizvoda, kako bi razumjelo na\u010dine na koje korisnici i\/ili kupci koriste pru\u017eene usluge i upotrebljavaju mre\u017ene (web) stranice Dru\u0161tva te u svrhu izvr\u0161avanja ugovornih obveza Dru\u0161tva. Takve podatke Dru\u0161tvo prikuplja na temelju privole koju je dao korisnik i\/ili kupac u jednu ili vi\u0161e to\u010dno odre\u0111enih svrha, kao i u jednom od sljede\u0107ih slu\u010dajeva.<\/p>\n<p><\/p>\n<p><\/p>\n<p><strong>Izvr\u0161enje ugovornih obveza<br \/><\/strong>Dru\u0161tvo prikuplja i dalje obra\u0111uje osobne podatke korisnika i\/ili kupaca u svrhu sklapanja i izvr\u0161enja ugovora, dostave naru\u010denih proizvoda, savjetovanja i pomo\u0107i pri uporabi proizvoda, pru\u017eanja odgovaraju\u0107ih dodatnih i\/ili produ\u017eenih jamstava za proizvode, rje\u0161avanja prigovora korisnika i\/ili kupaca te drugih radnji koje su povezane sa sklapanjem i izvr\u0161enjem ugovora u skladu s mjerodavnim propisima.<\/p>\n<p><\/p>\n<p><\/p>\n<p>Pravnu osnovu za obradu osobnih podataka korisnika i\/ili kupaca u naprijed navedene svrhe predstavlja nu\u017enost sklapanja ugovora, odnosno, u slu\u010daju da korisnik i\/ili kupac uskrati davanje bitnih podataka, Dru\u0161tvo ne\u0107e biti u mogu\u0107nosti sklopiti ugovor i \/ili poduzeti pojedine radnje vezane uz izvr\u0161enje sklopljenog ugovora.<\/p>\n<p><\/p>\n<p><\/p>\n<p><strong>Ispunjavanje zakonskih obveza<br \/><\/strong>Dru\u0161tvo je obvezno na temelju podnesenog pisanog zahtjeva korisnika i\/ili kupaca na gore nazna\u010denu adresu slu\u017ebenika za za\u0161titu osobnih podataka istima omogu\u0107iti pristup osobnim podacima koje obra\u0111uje o njima, ispravak neto\u010dnih osobnih podataka, brisanje osobnih podataka ili ograni\u010denje obrade osobnih podataka, kao i upoznati ih s mogu\u0107no\u0161\u0107u prigovora na obradu osobnih podataka te pravom na prenosivost podataka.<\/p>\n<p><\/p>\n<p><\/p>\n<p><strong>Izravna promid\u017eba (marketing)<br \/><\/strong>Kontakt podaci korisnika i\/ili kupaca mogu se koristiti za slanje promid\u017ebenih obavijesti o proizvodima i uslugama Dru\u0161tva ako je korisnik i\/ili kupac dao privolu za takvu obradu ili ako postoji legitimni interes Dru\u0161tva za takvim radnjama, osim ako su od tih interesa ja\u010di interesi ili temeljna prava i slobode korisnika i\/ili kupca koji zahtijevaju za\u0161titu osobnih podataka.<\/p>\n<p><\/p>\n<p><\/p>\n<p>Dru\u0161tvo mo\u017ee koristi kontakt podatke i osobno se obratiti korisnicima i\/ili kupcima \u010dije osobne podatke ve\u0107 posjeduje, na temelju legitimnog interesa za slanje promid\u017ebenih obavijesti o svim proizvodima i uslugama koje pru\u017ea, koriste\u0107i sve dostupne kanale za promid\u017ebu, osim ako se korisnik i\/ili kupac ne usprotivi takvoj obradi.<\/p>\n<p><\/p>\n<p><\/p>\n<p>Kako bi korisnik i\/ili kupac mogao dobivati obavijesti koje odgovaraju njegovim \u017eeljama i navikama, neophodno je da Dru\u0161tvo koristi odre\u0111ene podatke korisnika i\/ili kupaca za izradu personaliziranih promid\u017ebenih obavijesti, sve dok se korisnik i\/ili kupac izrekom ne usprotivi takvoj obradi podataka, odnosno povu\u010de svoju ranije danu prijavu za obradu.<\/p>\n<p><\/p>\n<p><\/p>\n<p>Pravna osnova za obradu osobnih podataka u navedene svrhe je legitimni interes Dru\u0161tva, osim ako su od tog interesa ja\u010di interes ili temeljna prava i slobode koji zahtijevaju za\u0161titu podataka.<\/p>\n<p><\/p>\n<p><\/p>\n<p>Na web stranicama www.denilog-usluge.hr poduze\u0107a\u00a0<strong>DENILOG USLUGE d.o.o.<\/strong> korisnik i\/ili kupac ima mogu\u0107nost prijaviti se na na\u0161u mailing listu (newsletter). Prijavom na mailing listu korisnik daje suglasnost da se njegova e-mail adresa koristi u obradi osobnih podataka. Zbog potrebe uskla\u0111ivanja poslovanja s ovom Politikom privatnosti potrebno je izvr\u0161iti novu prijavu na mailing listu Dru\u0161tva kako bi mogli dobivati personalizirane newslettere; korisnik i\/ili kupac prijavom na mailing listu daje suglasnost za obradu danih osobnih podataka. Korisnik i\/ili kupac se u svakom trenutku mo\u017ee odjaviti s personaliziranog newslettera. Odjava je mogu\u0107a bilo kad i besplatna je.<\/p>\n<p><\/p>\n<p><\/p>\n<p><strong>Interne svrhe<br \/><\/strong>Dru\u0161tvo koristi odre\u0111ene podatke korisnika i\/ili kupaca isklju\u010divo za potrebe vlastitih evidencija, u svrhu za\u0161tite legitimnih interesa korisnika i\/ili kupaca i\/ili Dru\u0161tva. Primjerice, navedeno uklju\u010duje kori\u0161tenje osobnih podataka u svrhu kreiranja ponuda koje zadovoljavaju potrebe i \u017eelje korisnika i\/ili kupaca, istra\u017eivanje i analizu tr\u017ei\u0161ta.<\/p>\n<p><\/p>\n<p><\/p>\n<p><strong>Podaci o potencijalnim korisnicima<br \/><\/strong>Dru\u0161tvo je tako\u0111er ovla\u0161teno prikupljati podatke o potencijalnim korisnicima i\/ili kupcima svojih usluga i\/ili proizvoda. Ovi podaci uklju\u010duju osnovne podatke (ime i prezime, adresa elektroni\u010dke po\u0161te) ali i interese potencijalnih korisnika i\/ili kupaca koji se obra\u0107aju Dru\u0161tvu sa \u017eeljom da ih se informira i \/ili im se ponudi odre\u0111ene proizvode i usluge.<\/p>\n<p><\/p>\n<p><\/p>\n<p>Pravna osnova za prikupljanje u opisanom slu\u010daju je privola korisnika i\/ili kupca.<\/p>\n<p><\/p>\n<p><\/p>\n<p><strong>Koliko se osobni podaci \u010duvaju?<br \/><\/strong>Ovisno o svrsi i pravnoj osnovi temeljem koje je prikupljaju osobni podaci korisnika i\/ili kupaca, Dru\u0161tvo je u pojedinim slu\u010dajevima obvezno \u010duvati osobne podatke u vremenskom trajanju (razdoblju) koje za pojedinu svrhu propisuju mjerodavni propisi ili prestankom svrhe u koju su prikupljeni. Protekom zakonskog roka koji obvezuje Dru\u0161tvo na \u010duvanje pojedinih osobnih podataka ili prestankom svrhe isti se bri\u0161u.<\/p>\n<p><\/p>\n<p><\/p>\n<p>Podaci koji se obra\u0111uju temeljem legitimnog interesa Dru\u0161tva i\/ili privole korisnika i\/ili kupaca mogu se brisati i prije proteka roka navedenog u ovoj Politici, u slu\u010daju da takvo brisanje zahtijeva korisnik i\/ili kupac odnosno kada se korisnik i\/ili kupac usprotivi takvoj obradi.<\/p>\n<p><\/p>\t\t\t\t\t\t\t\t<\/div>\n\t\t\t\t<\/div>\n\t\t\t\t\t<\/div>\n\t\t\t\t<\/div>\n\t\t\t\t<\/div>","protected":false},"excerpt":{"rendered":"<p>Pravila privatnosti Uvodne odredbe Politika o za\u0161titi privatnosti temelji se na sljede\u0107im na\u010delima obrade osobnih podataka: na\u010delu zakonitosti, transparentnosti i najbolje prakse, na\u010delu ograni\u010dene obrade i smanjenju koli\u010dine podataka, na\u010delu to\u010dnosti i potpunosti osobnih podataka, na\u010delu ograni\u010dene pohrane, na\u010delu cjelovitosti i povjerljivosti podataka, na\u010delu odgovornosti, na\u010delu povjerenja i po\u0161tene obrade, na\u010delu oportunosti (svrhe obrade), na\u010delu [&hellip;]<\/p>","protected":false},"author":1,"featured_media":0,"parent":0,"menu_order":0,"comment_status":"closed","ping_status":"closed","template":"elementor_header_footer","meta":{"footnotes":""},"class_list":["post-3","page","type-page","status-publish","hentry"],"_links":{"self":[{"href":"https:\/\/denilog-usluge.hr\/hr\/wp-json\/wp\/v2\/pages\/3","targetHints":{"allow":["GET"]}}],"collection":[{"href":"https:\/\/denilog-usluge.hr\/hr\/wp-json\/wp\/v2\/pages"}],"about":[{"href":"https:\/\/denilog-usluge.hr\/hr\/wp-json\/wp\/v2\/types\/page"}],"author":[{"embeddable":true,"href":"https:\/\/denilog-usluge.hr\/hr\/wp-json\/wp\/v2\/users\/1"}],"replies":[{"embeddable":true,"href":"https:\/\/denilog-usluge.hr\/hr\/wp-json\/wp\/v2\/comments?post=3"}],"version-history":[{"count":33,"href":"https:\/\/denilog-usluge.hr\/hr\/wp-json\/wp\/v2\/pages\/3\/revisions"}],"predecessor-version":[{"id":6448,"href":"https:\/\/denilog-usluge.hr\/hr\/wp-json\/wp\/v2\/pages\/3\/revisions\/6448"}],"wp:attachment":[{"href":"https:\/\/denilog-usluge.hr\/hr\/wp-json\/wp\/v2\/media?parent=3"}],"curies":[{"name":"wp","href":"https:\/\/api.w.org\/{rel}","templated":true}]}}